{"id":144,"date":"2020-09-15T10:27:18","date_gmt":"2020-09-15T10:27:18","guid":{"rendered":"https:\/\/tecnimarca.com\/home\/"},"modified":"2024-07-05T15:38:51","modified_gmt":"2024-07-05T15:38:51","slug":"tecnimarca","status":"publish","type":"page","link":"https:\/\/tecnimarca.com\/en\/","title":{"rendered":"Tecnimarca \u2013 Consultancy and Technical Advisory Services in Industrial and Intellectual Property"},"content":{"rendered":"<div class=\"wp-block-cover alignfull is-light has-parallax eplus-wrapper\" style=\"min-height:850px;aspect-ratio:unset;\"><span aria-hidden=\"true\" class=\"wp-block-cover__background has-ast-global-color-3-background-color has-background-dim\"><\/span><div role=\"img\" class=\"wp-block-cover__image-background wp-image-282 has-parallax\" style=\"background-position:50% 50%;background-image:url(https:\/\/tecnimarca.com\/wp-content\/uploads\/2022\/04\/Tecnimarca-Patentes-Marcas-Propriedade-Intelectual-e-Industrial.jpg)\"><\/div><div class=\"wp-block-cover__inner-container is-layout-flow wp-block-cover-is-layout-flow\">\n<h5 class=\"wp-block-heading has-text-align-center eplus-wrapper has-white-color has-text-color\">In Portugal or anywhere in the world, we solve your problems in the areas of<\/h5>\n\n\n\n<h1 class=\"wp-block-heading has-text-align-center eplus-wrapper has-white-color has-text-color\">Industrial and intellectual property<\/h1>\n\n\n\n<div class=\"wp-block-buttons eplus-wrapper is-horizontal is-content-justification-center is-layout-flex wp-container-core-buttons-is-layout-03627597 wp-block-buttons-is-layout-flex\">\n<div class=\"wp-block-button eplus-wrapper\"><a class=\"wp-block-button__link wp-element-button\" href=\"https:\/\/tecnimarca.com\/en\/areas-de-pratica\/\">areas of practice<\/a><\/div>\n<\/div>\n<\/div><\/div>\n\n\n\n<div class=\"inherit-container-width wp-block-group alignfull eplus-wrapper has-ast-global-color-5-background-color has-background is-layout-constrained wp-block-group-is-layout-constrained\"><div class=\"wp-block-group__inner-container\">\n<h5 class=\"wp-block-heading has-text-align-center eplus-wrapper\">Who we are<\/h5>\n\n\n\n<h2 class=\"wp-block-heading has-text-align-center eplus-wrapper\">Since 1977, Tecnimarca has provided support to national and foreign companies in matters related to trademarks, patents and permits.<\/h2>\n\n\n\n<p class=\"has-text-align-center eplus-wrapper\">Supported by a network of contacts and partners in Portugal and worldwide<\/p>\n\n\n\n<p class=\"has-text-align-center eplus-wrapper\">And for the experience gained from Industrial Property Technicians and Official Industrial Property Agent<\/p>\n\n\n\n<div class=\"wp-block-buttons eplus-wrapper is-horizontal is-content-justification-center is-layout-flex wp-container-core-buttons-is-layout-03627597 wp-block-buttons-is-layout-flex\">\n<div class=\"wp-block-button eplus-wrapper\"><a class=\"wp-block-button__link wp-element-button\">Technimarca<\/a><\/div>\n<\/div>\n<\/div><\/div>\n\n\n\n<div class=\"wp-block-cover alignfull has-parallax eplus-wrapper\" style=\"min-height:900px;aspect-ratio:unset;\"><span aria-hidden=\"true\" class=\"wp-block-cover__background has-ast-global-color-3-background-color has-background-dim-70 has-background-dim\"><\/span><div role=\"img\" class=\"wp-block-cover__image-background wp-image-264 has-parallax\" style=\"background-position:50% 50%;background-image:url(https:\/\/tecnimarca.com\/wp-content\/uploads\/2022\/04\/Tecnimarca-Propriedade-Intelectual-Marcas-e-Patentes.webp)\"><\/div><div class=\"wp-block-cover__inner-container is-layout-flow wp-block-cover-is-layout-flow\">\n<div class=\"wp-block-columns alignwide are-vertically-aligned-center eplus-wrapper is-layout-flex wp-container-core-columns-is-layout-28f84493 wp-block-columns-is-layout-flex\">\n<div class=\"wp-block-column is-vertically-aligned-center eplus-wrapper is-layout-flow wp-block-column-is-layout-flow\">\n<div class=\"inherit-container-width wp-block-group eplus-wrapper is-layout-constrained wp-block-group-is-layout-constrained\"><div class=\"wp-block-group__inner-container\">\n<h5 class=\"wp-block-heading eplus-wrapper has-white-color has-text-color\">What we do<\/h5>\n\n\n\n<h3 class=\"wp-block-heading eplus-wrapper has-white-color has-text-color\">We provide consultancy and technical assistance services in the fields of intellectual and industrial property<\/h3>\n\n\n\n<hr class=\"wp-block-separator has-text-color has-ast-global-color-0-color has-css-opacity has-ast-global-color-0-background-color has-background is-style-wide eplus-wrapper\"\/>\n\n\n\n<h4 class=\"wp-block-heading eplus-wrapper has-white-color has-text-color\">Registration of brands and products and\/or services<\/h4>\n\n\n\n<p class=\"eplus-wrapper has-white-color has-text-color\"><strong>Registration of invention patents and utility models according to national, international and community channels<\/strong><\/p>\n\n\n\n<hr class=\"wp-block-separator has-text-color has-ast-global-color-0-color has-css-opacity has-ast-global-color-0-background-color has-background is-style-wide eplus-wrapper\"\/>\n\n\n\n<h4 class=\"wp-block-heading eplus-wrapper has-white-color has-text-color\">Supplementary CCP Protection Certificates<\/h4>\n\n\n\n<p class=\"eplus-wrapper has-white-color has-text-color\"><strong>Social Denominations<\/strong><\/p>\n\n\n\n<hr class=\"wp-block-separator has-text-color has-ast-global-color-0-color has-css-opacity has-ast-global-color-0-background-color has-background is-style-wide eplus-wrapper\"\/>\n\n\n\n<h4 class=\"wp-block-heading eplus-wrapper has-white-color has-text-color\">Obtaining and maintaining permit processes in Portugal and abroad<\/h4>\n\n\n\n<div class=\"wp-block-buttons eplus-wrapper is-layout-flex wp-block-buttons-is-layout-flex\">\n<div class=\"wp-block-button eplus-wrapper\"><a class=\"wp-block-button__link wp-element-button\" href=\"https:\/\/tecnimarca.com\/en\/areas-de-pratica\/\">see all practice areas<\/a><\/div>\n<\/div>\n<\/div><\/div>\n<\/div>\n\n\n\n<div class=\"wp-block-column is-vertically-aligned-center eplus-wrapper is-layout-flow wp-block-column-is-layout-flow\">\n<div class=\"inherit-container-width wp-block-group eplus-wrapper is-layout-constrained wp-block-group-is-layout-constrained\"><div class=\"wp-block-group__inner-container\">\n<h2 class=\"wp-block-heading eplus-wrapper has-white-color has-text-color\">We find solutions to problems you may have with Trademarks, Patents and Permits<\/h2>\n\n\n\n<div class=\"wp-block-buttons eplus-wrapper is-layout-flex wp-block-buttons-is-layout-flex\">\n<div class=\"wp-block-button eplus-wrapper\"><a class=\"wp-block-button__link wp-element-button\" href=\"https:\/\/tecnimarca.com\/en\/contactos\/\">contact us<\/a><\/div>\n<\/div>\n<\/div><\/div>\n<\/div>\n<\/div>\n<\/div><\/div>\n\n\n\n<div class=\"inherit-container-width wp-block-group alignfull eplus-wrapper has-ast-global-color-5-background-color has-background is-layout-constrained wp-block-group-is-layout-constrained\"><div class=\"wp-block-group__inner-container\">\n<h5 class=\"wp-block-heading has-text-align-center eplus-wrapper\">We are the market benchmark<\/h5>\n\n\n\n\n\n\n\n\t\t\t<div class=\"wp-block-uagb-post-carousel uagb-post-grid  uagb-post__image-position-top uagb-post__image-enabled uagb-block-6daa9912     uagb-post__arrow-outside uagb-post__items uagb-post__columns-3 is-carousel uagb-post__columns-tablet-2 uagb-post__columns-mobile-1\" data-total=\"1\" style=\"\">\n\n\t\t\t\t\t\t\t\t\t\t\t\t<article class=\"uagb-post__inner-wrap\">\t\t\t\t\t\t\t\t<div class='uagb-post__image'>\n\t\t\t\t\t\t\t\t\t<a href=\"https:\/\/tecnimarca.com\/en\/tabela-classes-alvaras-obras-2025\/\" target=\"_self\" rel=\"bookmark noopener noreferrer\"><img loading=\"lazy\" decoding=\"async\" width=\"1024\" height=\"538\" src=\"https:\/\/tecnimarca.com\/wp-content\/uploads\/2022\/08\/Novos-Valores-de-Classes-Alvaras-de-Obras-2022-1024x538.jpg\" class=\"attachment-large size-large\" alt=\"Novos Valores de Classes Alvar\u00e1s de Obras - 2022\" srcset=\"https:\/\/tecnimarca.com\/wp-content\/uploads\/2022\/08\/Novos-Valores-de-Classes-Alvaras-de-Obras-2022-1024x538.jpg 1024w, https:\/\/tecnimarca.com\/wp-content\/uploads\/2022\/08\/Novos-Valores-de-Classes-Alvaras-de-Obras-2022-300x158.jpg 300w, https:\/\/tecnimarca.com\/wp-content\/uploads\/2022\/08\/Novos-Valores-de-Classes-Alvaras-de-Obras-2022-768x403.jpg 768w, https:\/\/tecnimarca.com\/wp-content\/uploads\/2022\/08\/Novos-Valores-de-Classes-Alvaras-de-Obras-2022-18x9.jpg 18w, https:\/\/tecnimarca.com\/wp-content\/uploads\/2022\/08\/Novos-Valores-de-Classes-Alvaras-de-Obras-2022.jpg 1200w\" sizes=\"auto, (max-width: 1024px) 100vw, 1024px\" \/>\t\t\t\t\t<\/a>\n\t\t\t\t\t\t\t\t\t<\/div>\n\t\t\t\t\t\t<h4 class=\"uagb-post__title uagb-post__text\">\n\t\t\t\t<a href=\"https:\/\/tecnimarca.com\/en\/tabela-classes-alvaras-obras-2025\/\" target=\"_self\" rel=\"bookmark noopener noreferrer\">Table of building permit classes (2025)<\/a>\n\t\t\t<\/h4>\n\t\t\t\t\t\t<div class='uagb-post__text uagb-post-grid-byline'>\n\t\t\t\t\t\t\t\t<time datetime=\"2025-01-04T10:48:13+00:00\" class=\"uagb-post__date\">\n\t\t\t\t<span class=\"dashicons-calendar dashicons\"><\/span>\t\t\t\t\tJanuary 4, 2025\t\t\t\t<\/time>\n\t\t\t\t\t\t\t<span class=\"uagb-post__comment\">\n\t\t\t\t<span class=\"dashicons-admin-comments dashicons\"><\/span>\t\t\t\t\t2 Comments\t\t\t\t<\/span>\n\t\t\t\t\t\t<\/div>\n\t\t\t\t\t\t\t<div class='uagb-post__text uagb-post__excerpt'>\n\t\t\t\t\t<p>The classes of permits for works from 12 August 2022 have been updated from\u2026\t\t\t\t<\/div>\n\t\t\t\t\t\t<div class=\"uagb-post__text uagb-post__cta wp-block-button\">\n\t\t\t\t<a class=\"wp-block-button__link uagb-text-link\" style=\"\" href=\"https:\/\/tecnimarca.com\/en\/tabela-classes-alvaras-obras-2025\/\" target=\"_self\" rel=\"bookmark noopener noreferrer\">More information<\/a>\n\t\t\t<\/div>\n\t\t\t\n\t\t\t\t\t\t\t\t\t<\/article>\n\t\t\t\t\t\t\t\t\t\t\t<\/div>\n\t\t\t\n\n<\/div><\/div>\n\n\n\n<div class=\"inherit-container-width wp-block-group alignfull eplus-wrapper has-ast-global-color-4-background-color has-background is-layout-constrained wp-block-group-is-layout-constrained\"><div class=\"wp-block-group__inner-container\">\n<div class=\"wp-block-columns alignfull are-vertically-aligned-center eplus-wrapper is-layout-flex wp-container-core-columns-is-layout-28f84493 wp-block-columns-is-layout-flex\">\n<div class=\"wp-block-column is-vertically-aligned-center eplus-wrapper is-layout-flow wp-block-column-is-layout-flow\" style=\"flex-basis:66.66%\">\n<h3 class=\"wp-block-heading has-text-align-left eplus-wrapper\">Need help with your trademark, patent or license? Talk to one of our specialists!<\/h3>\n<\/div>\n\n\n\n<div class=\"wp-block-column is-vertically-aligned-center eplus-wrapper is-layout-flow wp-block-column-is-layout-flow\" style=\"flex-basis:33.33%\">\n<div class=\"wp-block-buttons eplus-wrapper is-horizontal is-content-justification-center is-layout-flex wp-container-core-buttons-is-layout-03627597 wp-block-buttons-is-layout-flex\">\n<div class=\"wp-block-button eplus-wrapper\"><a class=\"wp-block-button__link wp-element-button\" href=\"https:\/\/tecnimarca.com\/en\/contactos\/\">contact us<\/a><\/div>\n<\/div>\n<\/div>\n<\/div>\n<\/div><\/div>","protected":false},"excerpt":{"rendered":"<p>Quem Somos Desde 1977, a Tecnimarca tem prestado apoio a empresas nacionais e estrangeiras em assuntos relacionados com marcas, patentes e alvar\u00e1s. Apoiados por uma rede de contatos e parceiros em Portugal e no Mundo E pela experi\u00eancia adquirida de T\u00e9cnicos de Propriedade Industrial e de Agente Oficial de Propriedade Industrial Somos a refer\u00eancia do [&hellip;]<\/p>\n","protected":false},"author":1,"featured_media":282,"parent":0,"menu_order":0,"comment_status":"closed","ping_status":"closed","template":"","meta":{"_uag_custom_page_level_css":"","site-sidebar-layout":"no-sidebar","site-content-layout":"plain-container","ast-site-content-layout":"normal-width-container","site-content-style":"unboxed","site-sidebar-style":"unboxed","ast-global-header-display":"","ast-banner-title-visibility":"","ast-main-header-display":"","ast-hfb-above-header-display":"","ast-hfb-below-header-display":"","ast-hfb-mobile-header-display":"","site-post-title":"disabled","ast-breadcrumbs-content":"","ast-featured-img":"disabled","footer-sml-layout":"","ast-disable-related-posts":"","theme-transparent-header-meta":"enabled","adv-header-id-meta":"","stick-header-meta":"","header-above-stick-meta":"","header-main-stick-meta":"","header-below-stick-meta":"","astra-migrate-meta-layouts":"set","ast-page-background-enabled":"default","ast-page-background-meta":{"desktop":{"background-color":"","background-image":"","background-repeat":"repeat","background-position":"center center","background-size":"auto","background-attachment":"scroll","background-type":"","background-media":"","overlay-type":"","overlay-color":"","overlay-opacity":"","overlay-gradient":""},"tablet":{"background-color":"","background-image":"","background-repeat":"repeat","background-position":"center center","background-size":"auto","background-attachment":"scroll","background-type":"","background-media":"","overlay-type":"","overlay-color":"","overlay-opacity":"","overlay-gradient":""},"mobile":{"background-color":"","background-image":"","background-repeat":"repeat","background-position":"center center","background-size":"auto","background-attachment":"scroll","background-type":"","background-media":"","overlay-type":"","overlay-color":"","overlay-opacity":"","overlay-gradient":""}},"ast-content-background-meta":{"desktop":{"background-color":"var(--ast-global-color-5)","background-image":"","background-repeat":"repeat","background-position":"center center","background-size":"auto","background-attachment":"scroll","background-type":"","background-media":"","overlay-type":"","overlay-color":"","overlay-opacity":"","overlay-gradient":""},"tablet":{"background-color":"var(--ast-global-color-5)","background-image":"","background-repeat":"repeat","background-position":"center center","background-size":"auto","background-attachment":"scroll","background-type":"","background-media":"","overlay-type":"","overlay-color":"","overlay-opacity":"","overlay-gradient":""},"mobile":{"background-color":"var(--ast-global-color-5)","background-image":"","background-repeat":"repeat","background-position":"center center","background-size":"auto","background-attachment":"scroll","background-type":"","background-media":"","overlay-type":"","overlay-color":"","overlay-opacity":"","overlay-gradient":""}},"footnotes":""},"class_list":["post-144","page","type-page","status-publish","has-post-thumbnail","hentry"],"uagb_featured_image_src":{"full":["https:\/\/tecnimarca.com\/wp-content\/uploads\/2022\/04\/Tecnimarca-Patentes-Marcas-Propriedade-Intelectual-e-Industrial.jpg",1920,1080,false],"thumbnail":["https:\/\/tecnimarca.com\/wp-content\/uploads\/2022\/04\/Tecnimarca-Patentes-Marcas-Propriedade-Intelectual-e-Industrial-150x150.jpg",150,150,true],"medium":["https:\/\/tecnimarca.com\/wp-content\/uploads\/2022\/04\/Tecnimarca-Patentes-Marcas-Propriedade-Intelectual-e-Industrial-300x169.jpg",300,169,true],"medium_large":["https:\/\/tecnimarca.com\/wp-content\/uploads\/2022\/04\/Tecnimarca-Patentes-Marcas-Propriedade-Intelectual-e-Industrial-768x432.jpg",768,432,true],"large":["https:\/\/tecnimarca.com\/wp-content\/uploads\/2022\/04\/Tecnimarca-Patentes-Marcas-Propriedade-Intelectual-e-Industrial-1024x576.jpg",1024,576,true],"1536x1536":["https:\/\/tecnimarca.com\/wp-content\/uploads\/2022\/04\/Tecnimarca-Patentes-Marcas-Propriedade-Intelectual-e-Industrial-1536x864.jpg",1536,864,true],"2048x2048":["https:\/\/tecnimarca.com\/wp-content\/uploads\/2022\/04\/Tecnimarca-Patentes-Marcas-Propriedade-Intelectual-e-Industrial.jpg",1920,1080,false],"trp-custom-language-flag":["https:\/\/tecnimarca.com\/wp-content\/uploads\/2022\/04\/Tecnimarca-Patentes-Marcas-Propriedade-Intelectual-e-Industrial-18x10.jpg",18,10,true]},"uagb_author_info":{"display_name":"lmsm76","author_link":"https:\/\/tecnimarca.com\/en\/author\/lmsm76\/"},"uagb_comment_info":0,"uagb_excerpt":"Quem Somos Desde 1977, a Tecnimarca tem prestado apoio a empresas nacionais e estrangeiras em assuntos relacionados com marcas, patentes e alvar\u00e1s. Apoiados por uma rede de contatos e parceiros em Portugal e no Mundo E pela experi\u00eancia adquirida de T\u00e9cnicos de Propriedade Industrial e de Agente Oficial de Propriedade Industrial Somos a refer\u00eancia do&hellip;","_links":{"self":[{"href":"https:\/\/tecnimarca.com\/en\/wp-json\/wp\/v2\/pages\/144","targetHints":{"allow":["GET"]}}],"collection":[{"href":"https:\/\/tecnimarca.com\/en\/wp-json\/wp\/v2\/pages"}],"about":[{"href":"https:\/\/tecnimarca.com\/en\/wp-json\/wp\/v2\/types\/page"}],"author":[{"embeddable":true,"href":"https:\/\/tecnimarca.com\/en\/wp-json\/wp\/v2\/users\/1"}],"replies":[{"embeddable":true,"href":"https:\/\/tecnimarca.com\/en\/wp-json\/wp\/v2\/comments?post=144"}],"version-history":[{"count":10,"href":"https:\/\/tecnimarca.com\/en\/wp-json\/wp\/v2\/pages\/144\/revisions"}],"predecessor-version":[{"id":365,"href":"https:\/\/tecnimarca.com\/en\/wp-json\/wp\/v2\/pages\/144\/revisions\/365"}],"wp:featuredmedia":[{"embeddable":true,"href":"https:\/\/tecnimarca.com\/en\/wp-json\/wp\/v2\/media\/282"}],"wp:attachment":[{"href":"https:\/\/tecnimarca.com\/en\/wp-json\/wp\/v2\/media?parent=144"}],"curies":[{"name":"wp","href":"https:\/\/api.w.org\/{rel}","templated":true}]}}