{"id":145,"date":"2020-09-15T10:28:06","date_gmt":"2020-09-15T10:28:06","guid":{"rendered":"https:\/\/tecnimarca.com\/about\/"},"modified":"2024-07-05T15:38:50","modified_gmt":"2024-07-05T15:38:50","slug":"sobre-nos","status":"publish","type":"page","link":"https:\/\/tecnimarca.com\/en\/sobre-nos\/","title":{"rendered":"About Us"},"content":{"rendered":"<div class=\"wp-block-cover alignfull has-parallax eplus-wrapper\" style=\"background-image:url(https:\/\/tecnimarca.com\/wp-content\/uploads\/2020\/09\/bg-02-free-img.jpg);min-height:535px;aspect-ratio:unset;\"><span aria-hidden=\"true\" class=\"has-ast-global-color-3-background-color has-background-dim-70 wp-block-cover__gradient-background has-background-dim\"><\/span><div class=\"wp-block-cover__inner-container is-layout-flow wp-block-cover-is-layout-flow\">\n<h1 class=\"has-text-align-center has-white-color has-text-color eplus-wrapper wp-block-heading\">about the technimark<\/h1>\n<\/div><\/div>\n\n\n\n<div class=\"inherit-container-width wp-block-group alignfull has-ast-global-color-4-background-color has-background eplus-wrapper is-layout-constrained wp-block-group-is-layout-constrained\"><div class=\"wp-block-group__inner-container\">\n<div class=\"wp-block-columns eplus-wrapper is-layout-flex wp-container-core-columns-is-layout-28f84493 wp-block-columns-is-layout-flex\">\n<div class=\"wp-block-column eplus-wrapper is-layout-flow wp-block-column-is-layout-flow\">\n<h5 class=\"eplus-wrapper wp-block-heading\">technimark<\/h5>\n\n\n\n<h2 class=\"eplus-wrapper wp-block-heading\">We find solutions to your problems related to Industrial and Intellectual Property<\/h2>\n<\/div>\n\n\n\n<div class=\"wp-block-column eplus-wrapper is-layout-flow wp-block-column-is-layout-flow\">\n<h3 class=\"eplus-wrapper wp-block-heading\">Since 1977, Tecnimarca has provided support to national and foreign companies in matters related to trademarks, patents and permits.<\/h3>\n\n\n\n<p class=\"eplus-wrapper\">A <strong>technimark<\/strong> emerged in Lisbon from an experience and knowledge accumulated from the work of nearly forty years of industrial property technicians and Official Industrial Property Agent at the National Institute of Industrial Property (INPI), OHIM \u2013 Office for Harmonization in the Internal Market and Eu \u2013 The European Union On-Line, as well as aggregated knowledge in handling and advising on the process of obtaining permits in Portugal and abroad.<\/p>\n\n\n\n<p class=\"eplus-wrapper\">A <strong>technimark<\/strong>, sought, by combining this knowledge and know-how, to bring to Portuguese economic agents, as well as to all those who operate in the global economic fabric through the national territory, a quality offer in the provision of consultancy services and technical assistance in the domains of property intellectual property, and more specifically in the field of industrial property, seeking to serve with efficiency, quality, value and responsibility, a work commitment to all those directly and peculiarly involved and interested in these matters.<\/p>\n<\/div>\n<\/div>\n<\/div><\/div>\n\n\n\n<div class=\"inherit-container-width wp-block-group alignfull has-ast-global-color-5-background-color has-background eplus-wrapper is-layout-constrained wp-block-group-is-layout-constrained\"><div class=\"wp-block-group__inner-container\">\n<div class=\"wp-block-columns alignwide are-vertically-aligned-center eplus-wrapper is-layout-flex wp-container-core-columns-is-layout-28f84493 wp-block-columns-is-layout-flex\">\n<div class=\"wp-block-column is-vertically-aligned-center eplus-wrapper is-layout-flow wp-block-column-is-layout-flow\" style=\"flex-basis:33.33%\">\n<h5 class=\"eplus-wrapper wp-block-heading\">Professionalism<\/h5>\n\n\n\n<h2 class=\"eplus-wrapper wp-block-heading\">The numbers speak for themselves<\/h2>\n<\/div>\n\n\n\n<div class=\"wp-block-column is-vertically-aligned-center eplus-wrapper is-layout-flow wp-block-column-is-layout-flow\" style=\"flex-basis:66.66%\">\n<div class=\"wp-block-columns are-vertically-aligned-center eplus-wrapper is-layout-flex wp-container-core-columns-is-layout-28f84493 wp-block-columns-is-layout-flex\">\n<div class=\"wp-block-column is-vertically-aligned-center eplus-wrapper is-layout-flow wp-block-column-is-layout-flow\">\n<h2 class=\"has-text-align-center\">1800<\/h2><p class=\"has-text-align-center\">Customers<\/p>\n<\/div>\n\n\n\n<div class=\"wp-block-column is-vertically-aligned-center eplus-wrapper is-layout-flow wp-block-column-is-layout-flow\">\n<h2 class=\"has-text-align-center\">2200<\/h2><p class=\"has-text-align-center\">Trademarks<\/p>\n<\/div>\n\n\n\n<div class=\"wp-block-column is-vertically-aligned-center eplus-wrapper is-layout-flow wp-block-column-is-layout-flow\">\n<h2 class=\"has-text-align-center\">98<\/h2><p class=\"has-text-align-center\">Registered Patents<\/p>\n<\/div>\n<\/div>\n<\/div>\n<\/div>\n\n\n\n<hr class=\"is-style-wide wp-block-separator eplus-wrapper\"\/>\n\n\n\n<h3 class=\"eplus-wrapper wp-block-heading\">We focus 100% on customer needs and solving their problems.<\/h3>\n\n\n\n<div class=\"wp-block-columns alignwide eplus-wrapper is-layout-flex wp-container-core-columns-is-layout-28f84493 wp-block-columns-is-layout-flex\">\n<div class=\"wp-block-column eplus-wrapper is-layout-flow wp-block-column-is-layout-flow\">\n<h4 class=\"eplus-wrapper wp-block-heading\">Network<\/h4>\n\n\n\n<p class=\"eplus-wrapper\">A <strong>technimark<\/strong>, has a network of contacts, professional correspondents and industrial and intellectual property offices (Industrial Property Agents, Lawyers and other technicians and experts), in the national territory and throughout the world, from the Mercosur space, from North America North, from Europe, inside and outside the European Union to Africa and Asia.<\/p>\n\n\n\n<p class=\"eplus-wrapper\">This network, which reinforces the ability to respond to the most demanding demand for good consulting and support solutions in these matters.<\/p>\n<\/div>\n\n\n\n<div class=\"wp-block-column eplus-wrapper is-layout-flow wp-block-column-is-layout-flow\">\n<h4 class=\"eplus-wrapper wp-block-heading\">Partnerships<\/h4>\n\n\n\n<p class=\"eplus-wrapper\">We are in a position to act in the interests of our clients around the world, through partnerships with the most reputable local counterpart companies, or other institutions \/ associations.<\/p>\n\n\n\n<p class=\"eplus-wrapper\">These partnerships give us guarantees as to the quality of monitoring the rights and interests of our clients.<\/p>\n<\/div>\n\n\n\n<div class=\"wp-block-column eplus-wrapper is-layout-flow wp-block-column-is-layout-flow\">\n<h3 class=\"eplus-wrapper wp-block-heading\">We are accompanied by partners and contacts in solving your industrial property problems.<\/h3>\n\n\n\n<p class=\"eplus-wrapper\"><\/p>\n<\/div>\n<\/div>\n<\/div><\/div>\n\n\n\n<div class=\"inherit-container-width wp-block-group alignfull has-ast-global-color-4-background-color has-background eplus-wrapper is-layout-constrained wp-block-group-is-layout-constrained\"><div class=\"wp-block-group__inner-container\">\n<div class=\"wp-block-columns alignfull are-vertically-aligned-center eplus-wrapper is-layout-flex wp-container-core-columns-is-layout-28f84493 wp-block-columns-is-layout-flex\">\n<div class=\"wp-block-column is-vertically-aligned-center eplus-wrapper is-layout-flow wp-block-column-is-layout-flow\" style=\"flex-basis:66.66%\">\n<h3 class=\"has-text-align-left eplus-wrapper wp-block-heading\">Need help with your trademark, patent or license? Talk to one of our specialists!<\/h3>\n<\/div>\n\n\n\n<div class=\"wp-block-column is-vertically-aligned-center eplus-wrapper is-layout-flow wp-block-column-is-layout-flow\" style=\"flex-basis:33.33%\">\n<div class=\"wp-block-buttons eplus-wrapper is-horizontal is-content-justification-center is-layout-flex wp-container-core-buttons-is-layout-03627597 wp-block-buttons-is-layout-flex\">\n<div class=\"wp-block-button eplus-wrapper\"><a class=\"wp-block-button__link\" href=\"https:\/\/tecnimarca.com\/en\/contactos\/\">CONTACT US<\/a><\/div>\n<\/div>\n<\/div>\n<\/div>\n<\/div><\/div>","protected":false},"excerpt":{"rendered":"<p>Tecnimarca Encontramos solu\u00e7\u00f5es para os seus problemas relacionados com Propriedade Industrial e Intelectual Desde 1977, a Tecnimarca tem prestado apoio a empresas nacionais e estrangeiras em assuntos relacionados com marcas, patentes e alvar\u00e1s. A Tecnimarca emergiu em Lisboa de uma experi\u00eancia e saber acumulados de um trabalho de cerca de quarenta anos de t\u00e9cnicos de [&hellip;]<\/p>\n","protected":false},"author":1,"featured_media":0,"parent":0,"menu_order":0,"comment_status":"closed","ping_status":"closed","template":"","meta":{"_uag_custom_page_level_css":"","site-sidebar-layout":"no-sidebar","site-content-layout":"plain-container","ast-site-content-layout":"default","site-content-style":"default","site-sidebar-style":"default","ast-global-header-display":"","ast-banner-title-visibility":"","ast-main-header-display":"","ast-hfb-above-header-display":"","ast-hfb-below-header-display":"","ast-hfb-mobile-header-display":"","site-post-title":"disabled","ast-breadcrumbs-content":"","ast-featured-img":"disabled","footer-sml-layout":"","ast-disable-related-posts":"","theme-transparent-header-meta":"enabled","adv-header-id-meta":"","stick-header-meta":"","header-above-stick-meta":"","header-main-stick-meta":"","header-below-stick-meta":"","astra-migrate-meta-layouts":"default","ast-page-background-enabled":"default","ast-page-background-meta":{"desktop":{"background-color":"","background-image":"","background-repeat":"repeat","background-position":"center center","background-size":"auto","background-attachment":"scroll","background-type":"","background-media":"","overlay-type":"","overlay-color":"","overlay-opacity":"","overlay-gradient":""},"tablet":{"background-color":"","background-image":"","background-repeat":"repeat","background-position":"center center","background-size":"auto","background-attachment":"scroll","background-type":"","background-media":"","overlay-type":"","overlay-color":"","overlay-opacity":"","overlay-gradient":""},"mobile":{"background-color":"","background-image":"","background-repeat":"repeat","background-position":"center center","background-size":"auto","background-attachment":"scroll","background-type":"","background-media":"","overlay-type":"","overlay-color":"","overlay-opacity":"","overlay-gradient":""}},"ast-content-background-meta":{"desktop":{"background-color":"var(--ast-global-color-5)","background-image":"","background-repeat":"repeat","background-position":"center center","background-size":"auto","background-attachment":"scroll","background-type":"","background-media":"","overlay-type":"","overlay-color":"","overlay-opacity":"","overlay-gradient":""},"tablet":{"background-color":"var(--ast-global-color-5)","background-image":"","background-repeat":"repeat","background-position":"center center","background-size":"auto","background-attachment":"scroll","background-type":"","background-media":"","overlay-type":"","overlay-color":"","overlay-opacity":"","overlay-gradient":""},"mobile":{"background-color":"var(--ast-global-color-5)","background-image":"","background-repeat":"repeat","background-position":"center center","background-size":"auto","background-attachment":"scroll","background-type":"","background-media":"","overlay-type":"","overlay-color":"","overlay-opacity":"","overlay-gradient":""}},"footnotes":""},"class_list":["post-145","page","type-page","status-publish","hentry"],"uagb_featured_image_src":{"full":false,"thumbnail":false,"medium":false,"medium_large":false,"large":false,"1536x1536":false,"2048x2048":false,"trp-custom-language-flag":false},"uagb_author_info":{"display_name":"lmsm76","author_link":"https:\/\/tecnimarca.com\/en\/author\/lmsm76\/"},"uagb_comment_info":0,"uagb_excerpt":"Tecnimarca Encontramos solu\u00e7\u00f5es para os seus problemas relacionados com Propriedade Industrial e Intelectual Desde 1977, a Tecnimarca tem prestado apoio a empresas nacionais e estrangeiras em assuntos relacionados com marcas, patentes e alvar\u00e1s. A Tecnimarca emergiu em Lisboa de uma experi\u00eancia e saber acumulados de um trabalho de cerca de quarenta anos de t\u00e9cnicos de&hellip;","_links":{"self":[{"href":"https:\/\/tecnimarca.com\/en\/wp-json\/wp\/v2\/pages\/145","targetHints":{"allow":["GET"]}}],"collection":[{"href":"https:\/\/tecnimarca.com\/en\/wp-json\/wp\/v2\/pages"}],"about":[{"href":"https:\/\/tecnimarca.com\/en\/wp-json\/wp\/v2\/types\/page"}],"author":[{"embeddable":true,"href":"https:\/\/tecnimarca.com\/en\/wp-json\/wp\/v2\/users\/1"}],"replies":[{"embeddable":true,"href":"https:\/\/tecnimarca.com\/en\/wp-json\/wp\/v2\/comments?post=145"}],"version-history":[{"count":7,"href":"https:\/\/tecnimarca.com\/en\/wp-json\/wp\/v2\/pages\/145\/revisions"}],"predecessor-version":[{"id":292,"href":"https:\/\/tecnimarca.com\/en\/wp-json\/wp\/v2\/pages\/145\/revisions\/292"}],"wp:attachment":[{"href":"https:\/\/tecnimarca.com\/en\/wp-json\/wp\/v2\/media?parent=145"}],"curies":[{"name":"wp","href":"https:\/\/api.w.org\/{rel}","templated":true}]}}